{"id":27,"date":"2020-07-26T17:33:28","date_gmt":"2020-07-26T20:33:28","guid":{"rendered":"http:\/\/mariaclarafilgueiras.com.br\/?page_id=27"},"modified":"2020-07-26T17:33:28","modified_gmt":"2020-07-26T20:33:28","slug":"contato","status":"publish","type":"page","link":"http:\/\/mariaclarafilgueiras.com.br\/index.php\/contato\/","title":{"rendered":"CONTATO"},"content":{"rendered":"<p><strong>Se voc\u00ea for uma empresa e tiver interesse em trabalhar em colabora\u00e7\u00e3o comigo basta mandar um e-mail para <\/strong><a href=\"mailto:mariaclarafilgueiras@mariaclarafilgueiras.com.br\"><strong>mariaclarafilgueiras@mariaclarafilgueiras.com.br<\/strong><\/a><\/p>\n<p><strong>Se voc\u00ea for rela\u00e7\u00f5es p\u00fablicas, jornalista ou uma pessoa interessada em entrar em contato comigo, \u00e9 s\u00f3 mandar um e-mail para <\/strong><a href=\"mailto:contato@mariaclarafilgueiras.com.br\"><strong>contato@mariaclarafilgueiras.com.br<\/strong><\/a><\/p>\n","protected":false},"excerpt":{"rendered":"<p>Se voc\u00ea for uma empresa e tiver interesse em trabalhar em colabora\u00e7\u00e3o comigo basta mandar um e-mail para mariaclarafilgueiras@mariaclarafilgueiras.com.br Se voc\u00ea for rela\u00e7\u00f5es p\u00fablicas, jornalista ou uma pessoa interessada em entrar em contato comigo, \u00e9 s\u00f3 mandar um e-mail para contato@mariaclarafilgueiras.com.br<\/p>\n","protected":false},"author":1,"featured_media":0,"parent":0,"menu_order":0,"comment_status":"closed","ping_status":"closed","template":"","meta":[],"_links":{"self":[{"href":"http:\/\/mariaclarafilgueiras.com.br\/index.php\/wp-json\/wp\/v2\/pages\/27"}],"collection":[{"href":"http:\/\/mariaclarafilgueiras.com.br\/index.php\/wp-json\/wp\/v2\/pages"}],"about":[{"href":"http:\/\/mariaclarafilgueiras.com.br\/index.php\/wp-json\/wp\/v2\/types\/page"}],"author":[{"embeddable":true,"href":"http:\/\/mariaclarafilgueiras.com.br\/index.php\/wp-json\/wp\/v2\/users\/1"}],"replies":[{"embeddable":true,"href":"http:\/\/mariaclarafilgueiras.com.br\/index.php\/wp-json\/wp\/v2\/comments?post=27"}],"version-history":[{"count":1,"href":"http:\/\/mariaclarafilgueiras.com.br\/index.php\/wp-json\/wp\/v2\/pages\/27\/revisions"}],"predecessor-version":[{"id":28,"href":"http:\/\/mariaclarafilgueiras.com.br\/index.php\/wp-json\/wp\/v2\/pages\/27\/revisions\/28"}],"wp:attachment":[{"href":"http:\/\/mariaclarafilgueiras.com.br\/index.php\/wp-json\/wp\/v2\/media?parent=27"}],"curies":[{"name":"wp","href":"https:\/\/api.w.org\/{rel}","templated":true}]}}